{"id":6395,"date":"2018-11-11T15:33:00","date_gmt":"2018-11-11T17:33:00","guid":{"rendered":"http:\/\/agrodata.me\/?page_id=6395"},"modified":"2018-11-11T15:38:00","modified_gmt":"2018-11-11T17:38:00","slug":"frete-e-entrega","status":"publish","type":"page","link":"https:\/\/agrodata.me\/en\/frete-e-entrega\/","title":{"rendered":"Pol\u00edtica de Frete e Entrega"},"content":{"rendered":"<div id=\"fws_69ea40ef24a31\"  data-column-margin=\"default\" data-midnight=\"dark\" data-top-percent=\"5%\" data-bottom-percent=\"2%\"  class=\"wpb_row vc_row-fluid vc_row\"  style=\"padding-top: calc(100vw * 0.05); padding-bottom: calc(100vw * 0.02); \"><div class=\"row-bg-wrap\" data-bg-animation=\"none\" data-bg-overlay=\"false\"><div class=\"inner-wrap\"><div class=\"row-bg\"  style=\"\"><\/div><\/div><\/div><div class=\"row_col_wrap_12 col span_12 dark left\">\n\t<div  class=\"vc_col-sm-3 wpb_column column_container vc_column_container col no-extra-padding\"  data-padding-pos=\"all\" data-has-bg-color=\"false\" data-bg-color=\"\" data-bg-opacity=\"1\" data-animation=\"\" data-delay=\"0\" >\n\t\t<div class=\"vc_column-inner\" >\n\t\t\t<div class=\"wpb_wrapper\">\n\t\t\t\t\n\t\t\t<\/div> \n\t\t<\/div>\n\t<\/div> \n\n\t<div  class=\"vc_col-sm-6 wpb_column column_container vc_column_container col no-extra-padding\"  data-padding-pos=\"all\" data-has-bg-color=\"false\" data-bg-color=\"\" data-bg-opacity=\"1\" data-animation=\"\" data-delay=\"0\" >\n\t\t<div class=\"vc_column-inner\" >\n\t\t\t<div class=\"wpb_wrapper\">\n\t\t\t\t\r\n<div class=\"wpb_text_column wpb_content_element\" >\r\n\t<div class=\"wpb_wrapper\">\r\n\t\t<h1 style=\"text-align: center;\">Pol\u00edtica de Frete e Entrega<\/h1>\n\t<\/div>\r\n<\/div>\r\n\r\n\r\n\r\n\r\n<div class=\"wpb_text_column wpb_content_element\" >\r\n\t<div class=\"wpb_wrapper\">\r\n\t\t<p style=\"text-align: center;\"><strong>Pol\u00edtica de Frete e Entrega da AgroData foi atualizada em 10 de novembro de 2018.<\/strong><\/p>\n\t<\/div>\r\n<\/div>\r\n\r\n\r\n\r\n\r\n<div class=\"wpb_text_column wpb_content_element\" >\r\n\t<div class=\"wpb_wrapper\">\r\n\t\t<p style=\"text-align: center;\">Queremos que o seu produto chegue com perfei\u00e7\u00e3o na sua localidade, por isso desenvolvemos uma pol\u00edtica de Frete e Entrega que aborda os prazos, procedimentos e cobran\u00e7as sobre o frete nas suas compras.<\/p>\n\t<\/div>\r\n<\/div>\r\n\r\n\r\n\r\n\n\t\t\t<\/div> \n\t\t<\/div>\n\t<\/div> \n\n\t<div  class=\"vc_col-sm-3 wpb_column column_container vc_column_container col no-extra-padding\"  data-padding-pos=\"all\" data-has-bg-color=\"false\" data-bg-color=\"\" data-bg-opacity=\"1\" data-animation=\"\" data-delay=\"0\" >\n\t\t<div class=\"vc_column-inner\" >\n\t\t\t<div class=\"wpb_wrapper\">\n\t\t\t\t\n\t\t\t<\/div> \n\t\t<\/div>\n\t<\/div> \n<\/div><\/div>\r\n\t\t<div id=\"fws_69ea40ef24ecf\"  data-column-margin=\"default\" data-midnight=\"dark\"  class=\"wpb_row vc_row-fluid vc_row\"  style=\"padding-top: 0px; padding-bottom: 0px; \"><div class=\"row-bg-wrap\" data-bg-animation=\"none\" data-bg-overlay=\"false\"><div class=\"inner-wrap\"><div class=\"row-bg\"  style=\"\"><\/div><\/div><\/div><div class=\"row_col_wrap_12 col span_12 dark left\">\n\t<div  class=\"vc_col-sm-2 wpb_column column_container vc_column_container col no-extra-padding\"  data-padding-pos=\"all\" data-has-bg-color=\"false\" data-bg-color=\"\" data-bg-opacity=\"1\" data-animation=\"\" data-delay=\"0\" >\n\t\t<div class=\"vc_column-inner\" >\n\t\t\t<div class=\"wpb_wrapper\">\n\t\t\t\t\n\t\t\t<\/div> \n\t\t<\/div>\n\t<\/div> \n\n\t<div  class=\"vc_col-sm-8 wpb_column column_container vc_column_container col no-extra-padding\"  data-padding-pos=\"all\" data-has-bg-color=\"false\" data-bg-color=\"\" data-bg-opacity=\"1\" data-animation=\"\" data-delay=\"0\" >\n\t\t<div class=\"vc_column-inner\" >\n\t\t\t<div class=\"wpb_wrapper\">\n\t\t\t\t<div class=\"divider-wrap\" data-alignment=\"default\"><div style=\"margin-top: 12.5px; height: 1px; margin-bottom: 12.5px;\" data-width=\"100%\" data-animate=\"yes\" data-animation-delay=\"\" data-color=\"default\" class=\"divider-border\"><\/div><\/div>\n\t\t\t<\/div> \n\t\t<\/div>\n\t<\/div> \n\n\t<div  class=\"vc_col-sm-2 wpb_column column_container vc_column_container col no-extra-padding\"  data-padding-pos=\"all\" data-has-bg-color=\"false\" data-bg-color=\"\" data-bg-opacity=\"1\" data-animation=\"\" data-delay=\"0\" >\n\t\t<div class=\"vc_column-inner\" >\n\t\t\t<div class=\"wpb_wrapper\">\n\t\t\t\t\n\t\t\t<\/div> \n\t\t<\/div>\n\t<\/div> \n<\/div><\/div>\r\n\t\t<div id=\"fws_69ea40ef2508a\"  data-column-margin=\"default\" data-midnight=\"dark\" data-top-percent=\"2%\" data-bottom-percent=\"5%\"  class=\"wpb_row vc_row-fluid vc_row\"  style=\"padding-top: calc(100vw * 0.02); padding-bottom: calc(100vw * 0.05); \"><div class=\"row-bg-wrap\" data-bg-animation=\"none\" data-bg-overlay=\"false\"><div class=\"inner-wrap\"><div class=\"row-bg\"  style=\"\"><\/div><\/div><\/div><div class=\"row_col_wrap_12 col span_12 dark left\">\n\t<div  class=\"vc_col-sm-2 wpb_column column_container vc_column_container col no-extra-padding\"  data-padding-pos=\"all\" data-has-bg-color=\"false\" data-bg-color=\"\" data-bg-opacity=\"1\" data-animation=\"\" data-delay=\"0\" >\n\t\t<div class=\"vc_column-inner\" >\n\t\t\t<div class=\"wpb_wrapper\">\n\t\t\t\t\n\t\t\t<\/div> \n\t\t<\/div>\n\t<\/div> \n\n\t<div  class=\"vc_col-sm-8 wpb_column column_container vc_column_container col no-extra-padding\"  data-padding-pos=\"all\" data-has-bg-color=\"false\" data-bg-color=\"\" data-bg-opacity=\"1\" data-animation=\"\" data-delay=\"0\" >\n\t\t<div class=\"vc_column-inner\" >\n\t\t\t<div class=\"wpb_wrapper\">\n\t\t\t\t\r\n<div class=\"wpb_text_column wpb_content_element\" >\r\n\t<div class=\"wpb_wrapper\">\r\n\t\t<h3>Prazo de Entrega<\/h3>\n<p>Prazo de entrega: para produtos dispon\u00edveis em estoque o prazo de entrega \u00e9 de at\u00e9 15 dias. Caso o produto n\u00e3o esteja mais dispon\u00edvel em estoque, o prazo de entrega pode variar de 45 \u00e0 90 dias.<\/p>\n<p>&nbsp;<\/p>\n<h3>Procedimentos durante a entrega<\/h3>\n<p>Ao receber suas compras, verifique no ato se os produtos est\u00e3o em perfeito estado, bem como se as quantidades compradas est\u00e3o corretas. Em caso de diverg\u00eancia, entre em contato conosco, devolva todos os produtos e fa\u00e7a a anota\u00e7\u00e3o da ocorr\u00eancia no verso da primeira via da nota fiscal, que enviaremos nova remessa. N\u00e3o aceitaremos comunica\u00e7\u00f5es posteriores de falta de produtos.<\/p>\n<p>&nbsp;<\/p>\n<h3>Cobran\u00e7a de Frete<\/h3>\n<p>AgroData realiza entregas em todo territ\u00f3rio nacional e as vendas realizadas j\u00e1 incluem frete para entrega no local especificado pelo comprador. O valor do frete ser\u00e1 especificado no momento da compra ap\u00f3s o usu\u00e1rio informar o CEP de entrega do produto.<\/p>\n\t<\/div>\r\n<\/div>\r\n\r\n\r\n\r\n\n\t\t\t<\/div> \n\t\t<\/div>\n\t<\/div> \n\n\t<div  class=\"vc_col-sm-2 wpb_column column_container vc_column_container col no-extra-padding\"  data-padding-pos=\"all\" data-has-bg-color=\"false\" data-bg-color=\"\" data-bg-opacity=\"1\" data-animation=\"\" data-delay=\"0\" >\n\t\t<div class=\"vc_column-inner\" >\n\t\t\t<div class=\"wpb_wrapper\">\n\t\t\t\t\n\t\t\t<\/div> \n\t\t<\/div>\n\t<\/div> \n<\/div><\/div>","protected":false},"excerpt":{"rendered":"Pol\u00edtica de Frete e Entrega Pol\u00edtica de Frete e Entrega da AgroData foi atualizada em 10 de novembro de 2018. Queremos que o seu produto...","protected":false},"author":1,"featured_media":0,"parent":0,"menu_order":0,"comment_status":"closed","ping_status":"closed","template":"","meta":{"footnotes":""},"class_list":["post-6395","page","type-page","status-publish"],"yoast_head":"<!-- This site is optimized with the Yoast SEO plugin v27.4 - https:\/\/yoast.com\/product\/yoast-seo-wordpress\/ -->\n<title>Pol\u00edtica de Frete e Entrega - AgroData<\/title>\n<meta name=\"robots\" content=\"index, follow, max-snippet:-1, max-image-preview:large, max-video-preview:-1\" \/>\n<link rel=\"canonical\" href=\"https:\/\/agrodata.me\/en\/frete-e-entrega\/\" \/>\n<meta property=\"og:locale\" content=\"en_US\" \/>\n<meta property=\"og:type\" content=\"article\" \/>\n<meta property=\"og:title\" content=\"Pol\u00edtica de Frete e Entrega - AgroData\" \/>\n<meta property=\"og:url\" content=\"https:\/\/agrodata.me\/en\/frete-e-entrega\/\" \/>\n<meta property=\"og:site_name\" content=\"AgroData\" \/>\n<meta property=\"article:modified_time\" content=\"2018-11-11T17:38:00+00:00\" \/>\n<meta name=\"twitter:card\" content=\"summary_large_image\" \/>\n<meta name=\"twitter:label1\" content=\"Est. reading time\" \/>\n\t<meta name=\"twitter:data1\" content=\"4 minutes\" \/>\n<script type=\"application\/ld+json\" class=\"yoast-schema-graph\">{\"@context\":\"https:\\\/\\\/schema.org\",\"@graph\":[{\"@type\":\"WebPage\",\"@id\":\"https:\\\/\\\/agrodata.me\\\/frete-e-entrega\\\/\",\"url\":\"https:\\\/\\\/agrodata.me\\\/frete-e-entrega\\\/\",\"name\":\"Pol\u00edtica de Frete e Entrega - AgroData\",\"isPartOf\":{\"@id\":\"https:\\\/\\\/agrodata.me\\\/#website\"},\"datePublished\":\"2018-11-11T17:33:00+00:00\",\"dateModified\":\"2018-11-11T17:38:00+00:00\",\"breadcrumb\":{\"@id\":\"https:\\\/\\\/agrodata.me\\\/frete-e-entrega\\\/#breadcrumb\"},\"inLanguage\":\"en-US\",\"potentialAction\":[{\"@type\":\"ReadAction\",\"target\":[\"https:\\\/\\\/agrodata.me\\\/frete-e-entrega\\\/\"]}]},{\"@type\":\"BreadcrumbList\",\"@id\":\"https:\\\/\\\/agrodata.me\\\/frete-e-entrega\\\/#breadcrumb\",\"itemListElement\":[{\"@type\":\"ListItem\",\"position\":1,\"name\":\"In\u00edcio\",\"item\":\"https:\\\/\\\/agrodata.me\\\/\"},{\"@type\":\"ListItem\",\"position\":2,\"name\":\"Pol\u00edtica de Frete e Entrega\"}]},{\"@type\":\"WebSite\",\"@id\":\"https:\\\/\\\/agrodata.me\\\/#website\",\"url\":\"https:\\\/\\\/agrodata.me\\\/\",\"name\":\"AgroData\",\"description\":\"\",\"potentialAction\":[{\"@type\":\"SearchAction\",\"target\":{\"@type\":\"EntryPoint\",\"urlTemplate\":\"https:\\\/\\\/agrodata.me\\\/?s={search_term_string}\"},\"query-input\":{\"@type\":\"PropertyValueSpecification\",\"valueRequired\":true,\"valueName\":\"search_term_string\"}}],\"inLanguage\":\"en-US\"}]}<\/script>\n<!-- \/ Yoast SEO plugin. -->","yoast_head_json":{"title":"Pol\u00edtica de Frete e Entrega - AgroData","robots":{"index":"index","follow":"follow","max-snippet":"max-snippet:-1","max-image-preview":"max-image-preview:large","max-video-preview":"max-video-preview:-1"},"canonical":"https:\/\/agrodata.me\/en\/frete-e-entrega\/","og_locale":"en_US","og_type":"article","og_title":"Pol\u00edtica de Frete e Entrega - AgroData","og_url":"https:\/\/agrodata.me\/en\/frete-e-entrega\/","og_site_name":"AgroData","article_modified_time":"2018-11-11T17:38:00+00:00","twitter_card":"summary_large_image","twitter_misc":{"Est. reading time":"4 minutes"},"schema":{"@context":"https:\/\/schema.org","@graph":[{"@type":"WebPage","@id":"https:\/\/agrodata.me\/frete-e-entrega\/","url":"https:\/\/agrodata.me\/frete-e-entrega\/","name":"Pol\u00edtica de Frete e Entrega - AgroData","isPartOf":{"@id":"https:\/\/agrodata.me\/#website"},"datePublished":"2018-11-11T17:33:00+00:00","dateModified":"2018-11-11T17:38:00+00:00","breadcrumb":{"@id":"https:\/\/agrodata.me\/frete-e-entrega\/#breadcrumb"},"inLanguage":"en-US","potentialAction":[{"@type":"ReadAction","target":["https:\/\/agrodata.me\/frete-e-entrega\/"]}]},{"@type":"BreadcrumbList","@id":"https:\/\/agrodata.me\/frete-e-entrega\/#breadcrumb","itemListElement":[{"@type":"ListItem","position":1,"name":"In\u00edcio","item":"https:\/\/agrodata.me\/"},{"@type":"ListItem","position":2,"name":"Pol\u00edtica de Frete e Entrega"}]},{"@type":"WebSite","@id":"https:\/\/agrodata.me\/#website","url":"https:\/\/agrodata.me\/","name":"AgroData","description":"","potentialAction":[{"@type":"SearchAction","target":{"@type":"EntryPoint","urlTemplate":"https:\/\/agrodata.me\/?s={search_term_string}"},"query-input":{"@type":"PropertyValueSpecification","valueRequired":true,"valueName":"search_term_string"}}],"inLanguage":"en-US"}]}},"_links":{"self":[{"href":"https:\/\/agrodata.me\/en\/wp-json\/wp\/v2\/pages\/6395","targetHints":{"allow":["GET"]}}],"collection":[{"href":"https:\/\/agrodata.me\/en\/wp-json\/wp\/v2\/pages"}],"about":[{"href":"https:\/\/agrodata.me\/en\/wp-json\/wp\/v2\/types\/page"}],"author":[{"embeddable":true,"href":"https:\/\/agrodata.me\/en\/wp-json\/wp\/v2\/users\/1"}],"replies":[{"embeddable":true,"href":"https:\/\/agrodata.me\/en\/wp-json\/wp\/v2\/comments?post=6395"}],"version-history":[{"count":2,"href":"https:\/\/agrodata.me\/en\/wp-json\/wp\/v2\/pages\/6395\/revisions"}],"predecessor-version":[{"id":6397,"href":"https:\/\/agrodata.me\/en\/wp-json\/wp\/v2\/pages\/6395\/revisions\/6397"}],"wp:attachment":[{"href":"https:\/\/agrodata.me\/en\/wp-json\/wp\/v2\/media?parent=6395"}],"curies":[{"name":"wp","href":"https:\/\/api.w.org\/{rel}","templated":true}]}}