{"id":6273,"date":"2018-11-10T21:22:33","date_gmt":"2018-11-10T23:22:33","guid":{"rendered":"http:\/\/agrodata.me\/?page_id=6273"},"modified":"2018-11-10T21:57:10","modified_gmt":"2018-11-10T23:57:10","slug":"termos-e-condicoes","status":"publish","type":"page","link":"https:\/\/agrodata.me\/en\/termos-e-condicoes\/","title":{"rendered":"Pol\u00edtica de Termos e Condi\u00e7\u00f5es"},"content":{"rendered":"<div id=\"fws_69ea52f853c1a\"  data-column-margin=\"default\" data-midnight=\"dark\" data-top-percent=\"5%\" data-bottom-percent=\"2%\"  class=\"wpb_row vc_row-fluid vc_row\"  style=\"padding-top: calc(100vw * 0.05); padding-bottom: calc(100vw * 0.02); \"><div class=\"row-bg-wrap\" data-bg-animation=\"none\" data-bg-overlay=\"false\"><div class=\"inner-wrap\"><div class=\"row-bg\"  style=\"\"><\/div><\/div><\/div><div class=\"row_col_wrap_12 col span_12 dark left\">\n\t<div  class=\"vc_col-sm-3 wpb_column column_container vc_column_container col no-extra-padding\"  data-padding-pos=\"all\" data-has-bg-color=\"false\" data-bg-color=\"\" data-bg-opacity=\"1\" data-animation=\"\" data-delay=\"0\" >\n\t\t<div class=\"vc_column-inner\" >\n\t\t\t<div class=\"wpb_wrapper\">\n\t\t\t\t\n\t\t\t<\/div> \n\t\t<\/div>\n\t<\/div> \n\n\t<div  class=\"vc_col-sm-6 wpb_column column_container vc_column_container col no-extra-padding\"  data-padding-pos=\"all\" data-has-bg-color=\"false\" data-bg-color=\"\" data-bg-opacity=\"1\" data-animation=\"\" data-delay=\"0\" >\n\t\t<div class=\"vc_column-inner\" >\n\t\t\t<div class=\"wpb_wrapper\">\n\t\t\t\t\r\n<div class=\"wpb_text_column wpb_content_element\" >\r\n\t<div class=\"wpb_wrapper\">\r\n\t\t<h1 style=\"text-align: center;\">Pol\u00edtica de Termos e Condi\u00e7\u00f5es<\/h1>\n\t<\/div>\r\n<\/div>\r\n\r\n\r\n\r\n\r\n<div class=\"wpb_text_column wpb_content_element\" >\r\n\t<div class=\"wpb_wrapper\">\r\n\t\t<p style=\"text-align: center;\"><strong>Pol\u00edtica de Termo e Condi\u00e7\u00f5es da AgroData foi atualizada em 10 de novembro de 2018.<\/strong><\/p>\n\t<\/div>\r\n<\/div>\r\n\r\n\r\n\r\n\r\n<div class=\"wpb_text_column wpb_content_element\" >\r\n\t<div class=\"wpb_wrapper\">\r\n\t\t<p style=\"text-align: center;\">Sua satisfa\u00e7\u00e3o \u00e9 importante para a AgroData, por isso desenvolvemos uma pol\u00edtica de Termos e Condi\u00e7\u00f5es que aborda as garantias, devolu\u00e7\u00f5es, responsabilidades, prazos e indeniza\u00e7\u00f5es nas suas compras.<\/p>\n\t<\/div>\r\n<\/div>\r\n\r\n\r\n\r\n\n\t\t\t<\/div> \n\t\t<\/div>\n\t<\/div> \n\n\t<div  class=\"vc_col-sm-3 wpb_column column_container vc_column_container col no-extra-padding\"  data-padding-pos=\"all\" data-has-bg-color=\"false\" data-bg-color=\"\" data-bg-opacity=\"1\" data-animation=\"\" data-delay=\"0\" >\n\t\t<div class=\"vc_column-inner\" >\n\t\t\t<div class=\"wpb_wrapper\">\n\t\t\t\t\n\t\t\t<\/div> \n\t\t<\/div>\n\t<\/div> \n<\/div><\/div>\r\n\t\t<div id=\"fws_69ea52f853fbc\"  data-column-margin=\"default\" data-midnight=\"dark\"  class=\"wpb_row vc_row-fluid vc_row\"  style=\"padding-top: 0px; padding-bottom: 0px; \"><div class=\"row-bg-wrap\" data-bg-animation=\"none\" data-bg-overlay=\"false\"><div class=\"inner-wrap\"><div class=\"row-bg\"  style=\"\"><\/div><\/div><\/div><div class=\"row_col_wrap_12 col span_12 dark left\">\n\t<div  class=\"vc_col-sm-2 wpb_column column_container vc_column_container col no-extra-padding\"  data-padding-pos=\"all\" data-has-bg-color=\"false\" data-bg-color=\"\" data-bg-opacity=\"1\" data-animation=\"\" data-delay=\"0\" >\n\t\t<div class=\"vc_column-inner\" >\n\t\t\t<div class=\"wpb_wrapper\">\n\t\t\t\t\n\t\t\t<\/div> \n\t\t<\/div>\n\t<\/div> \n\n\t<div  class=\"vc_col-sm-8 wpb_column column_container vc_column_container col no-extra-padding\"  data-padding-pos=\"all\" data-has-bg-color=\"false\" data-bg-color=\"\" data-bg-opacity=\"1\" data-animation=\"\" data-delay=\"0\" >\n\t\t<div class=\"vc_column-inner\" >\n\t\t\t<div class=\"wpb_wrapper\">\n\t\t\t\t<div class=\"divider-wrap\" data-alignment=\"default\"><div style=\"margin-top: 12.5px; height: 1px; margin-bottom: 12.5px;\" data-width=\"100%\" data-animate=\"yes\" data-animation-delay=\"\" data-color=\"default\" class=\"divider-border\"><\/div><\/div>\n\t\t\t<\/div> \n\t\t<\/div>\n\t<\/div> \n\n\t<div  class=\"vc_col-sm-2 wpb_column column_container vc_column_container col no-extra-padding\"  data-padding-pos=\"all\" data-has-bg-color=\"false\" data-bg-color=\"\" data-bg-opacity=\"1\" data-animation=\"\" data-delay=\"0\" >\n\t\t<div class=\"vc_column-inner\" >\n\t\t\t<div class=\"wpb_wrapper\">\n\t\t\t\t\n\t\t\t<\/div> \n\t\t<\/div>\n\t<\/div> \n<\/div><\/div>\r\n\t\t<div id=\"fws_69ea52f854154\"  data-column-margin=\"default\" data-midnight=\"dark\" data-top-percent=\"2%\" data-bottom-percent=\"5%\"  class=\"wpb_row vc_row-fluid vc_row\"  style=\"padding-top: calc(100vw * 0.02); padding-bottom: calc(100vw * 0.05); \"><div class=\"row-bg-wrap\" data-bg-animation=\"none\" data-bg-overlay=\"false\"><div class=\"inner-wrap\"><div class=\"row-bg\"  style=\"\"><\/div><\/div><\/div><div class=\"row_col_wrap_12 col span_12 dark left\">\n\t<div  class=\"vc_col-sm-2 wpb_column column_container vc_column_container col no-extra-padding\"  data-padding-pos=\"all\" data-has-bg-color=\"false\" data-bg-color=\"\" data-bg-opacity=\"1\" data-animation=\"\" data-delay=\"0\" >\n\t\t<div class=\"vc_column-inner\" >\n\t\t\t<div class=\"wpb_wrapper\">\n\t\t\t\t\n\t\t\t<\/div> \n\t\t<\/div>\n\t<\/div> \n\n\t<div  class=\"vc_col-sm-8 wpb_column column_container vc_column_container col no-extra-padding\"  data-padding-pos=\"all\" data-has-bg-color=\"false\" data-bg-color=\"\" data-bg-opacity=\"1\" data-animation=\"\" data-delay=\"0\" >\n\t\t<div class=\"vc_column-inner\" >\n\t\t\t<div class=\"wpb_wrapper\">\n\t\t\t\t\r\n<div class=\"wpb_text_column wpb_content_element\" >\r\n\t<div class=\"wpb_wrapper\">\r\n\t\t<h3>Leia antes de utilizar o equipamento<\/h3>\n<p>O usu\u00e1rio concorda que a utiliza\u00e7\u00e3o do equipamento fornecido est\u00e1 sujeito aos seguintes termos e condi\u00e7\u00f5es e demais legisla\u00e7\u00f5es aplic\u00e1veis.<\/p>\n<p>Sua seguran\u00e7a \u00e9 a sua pr\u00f3pria responsabilidade, incluindo a utiliza\u00e7\u00e3o adequada do equipamento. Certifique-se que voc\u00ea tem a habilidade e experi\u00eancia necess\u00e1rias para usufruir da melhor experi\u00eancia com o seu equipamento.<\/p>\n<p>\u00c9 recomendado cautela quanto \u00e0 manipula\u00e7\u00e3o das ferramentas el\u00e9tricas, eletricidade e outros recursos usados para esse equipamento, e sua m\u00e1 utiliza\u00e7\u00e3o pode causar danos pessoais e a terceiros, e ao pr\u00f3prio equipamento. As fotos ilustrativas do equipamento n\u00e3o retratam as precau\u00e7\u00f5es necess\u00e1rias para sua utiliza\u00e7\u00e3o.<\/p>\n<p>N\u00e3o \u00e9 recomend\u00e1vel o uso deste equipamento para menores de 18 anos.<\/p>\n<p>Recomenda-se a leitura atenta das instru\u00e7\u00f5es referentes ao equipamento.<\/p>\n<p>A AgroData se isenta de qualquer responsabilidade por danos, les\u00f5es ou despesas causados pela m\u00e1 utiliza\u00e7\u00e3o do equipamento. \u00c9 de responsabilidade do operador do equipamento certificar-se que suas atividades est\u00e3o de acordo com a legisla\u00e7\u00e3o vigente.<\/p>\n<h3>Garantia e Devolu\u00e7\u00f5es<\/h3>\n<p>Todos os produtos s\u00e3o verificados antes de serem enviados.<\/p>\n<p>No improv\u00e1vel cen\u00e1rio do equipamento estar defeituoso, este deve ser devolvido \u00e0 AgroData no endere\u00e7o listado na sua fatura no prazo de 90 (noventa) dias do recebimento, conforme estabelece o artigo Art. 26, inciso II e \u00a71\u00b0 do CDC, desde que o equipamento n\u00e3o tenha sido alterado e n\u00e3o haja danos f\u00edsicos.<\/p>\n<p>Defeitos de fabrica\u00e7\u00e3o identificados durante esse per\u00edodo ser\u00e3o reparados pela AgroData ou substitu\u00eddos pelo mesmo equipamento.<\/p>\n<p>A AgroData n\u00e3o vai aceitar equipamentos que foram claramente utilizados mais do que o montante necess\u00e1rio para avaliar sua funcionalidade e que tenha sofrido altera\u00e7\u00f5es, ocasi\u00e3o em que n\u00e3o haver\u00e1 troca de equipamentos e nenhum reembolso ser\u00e1 efetuado. Os bens ser\u00e3o devolvidos para o usu\u00e1rio \u00e0s suas custas.<\/p>\n<p>O equipamento deve ser enviado pelo cliente da maneira como foi recebido, sem modifica\u00e7\u00f5es, na embalagem original e conte\u00fado, com a nota fiscal do produto, sendo que o transporte de volta deve estar acompanhado com n\u00famero de rastreamento.<\/p>\n<h3>Cancelamento de encomendas \/ restitui\u00e7\u00f5es aplic\u00e1veis<\/h3>\n<p>Haver\u00e1 cancelamento de encomendas e a consequente restitui\u00e7\u00e3o de valores, nas seguintes condi\u00e7\u00f5es:<\/p>\n<p>Quando aAgroData estiver impossibilitada de fornecer um ou mais itens do pedido inicial, por falta de pe\u00e7as e material.<\/p>\n<p>Quando a entrega atrasar mais de 30 (trinta) dias, por culpa da AgroData.<\/p>\n<h3>Devolu\u00e7\u00e3o \u00e9 de responsabilidade do cliente<\/h3>\n<p>Todos os retornos ser\u00e3o creditados para o cliente ap\u00f3s o recebimento do equipamento.<\/p>\n<p>As notas fiscais s\u00e3o necess\u00e1rios para retornos.<\/p>\n<p>Uma vez que a nota fiscal for emitida, o cliente dever\u00e1 devolver o item no prazo de at\u00e9 07 (sete) dias a contar da data de recebimento, nos casos j\u00e1 especificados.<\/p>\n<p>Qualquer discrep\u00e2ncia da ordem devem ser comunicadas no prazo de 30 dias. Isso se aplica a todas as pe\u00e7as que faltarem ou estiverem defeituosas nas embalagens, encomendas em pacotes, etc.<\/p>\n<p>Passados 30 dias, aAgroData n\u00e3o se responsabilizar\u00e1 por quaisquer itens em falta ou com problemas.<\/p>\n<h3>Pr\u00e9-vendas<\/h3>\n<p>Produtos fora de estoque s\u00e3o os produtos de alta demanda, que necessitam de lista de espera, por ordem de pedidos. \u00c9 permitido comprar tais produtos, e o pagamento ser\u00e1 feito ao fim do pedido de compra, ou conforme aAgroData aceitar.<\/p>\n<p>\u00c9 poss\u00edvel o cancelamento do pedido antes que o produto seja encaminhado ao cliente.<\/p>\n<p>A garantia de qualquer produto apenas se iniciar\u00e1 quando o item for enviado ao consumidor final e ter\u00e1 o prazo legal de 90 (noventa) dias.<\/p>\n<h3>Limita\u00e7\u00e3o de Responsabilidade<\/h3>\n<p>A AgroData n\u00e3o ser\u00e1 respons\u00e1vel por qualquer dano ou consequ\u00eancia que resultem da m\u00e1 utiliza\u00e7\u00e3o do produto, ou defeito imprevis\u00edvel deste.<\/p>\n<p>Os produtos vendidos e distribu\u00eddos pelaAgroData n\u00e3o s\u00e3o voltados a condutores amadores e requer treinamento e prepara\u00e7\u00e3o cuidadosos para uso seguro. N\u00e3o nos responsabilizamos por qualquer dano se o condutor do produto n\u00e3o estiver devidamente treinado e qualificado para conduzi-lo, n\u00e3o assumindo, ainda responsabilidade por perdas, danos ou les\u00e3o devido ao mau uso dos produtos.<\/p>\n<p>1. O comprador assume qualquer responsabilidade por danos a bens e pessoas do equipamento.<\/p>\n<p>2. O comprador assume todas as responsabilidades pelo uso impr\u00f3prio do equipamento.<\/p>\n<p>3. O comprador \u00e9 respons\u00e1vel pela configura\u00e7\u00e3o e manuten\u00e7\u00e3o do equipamento adequado.<\/p>\n<p>\u00c9 da responsabilidade do comprador decidir se o equipamento \u00e9 adequado para o uso pretendido. \u00c9 da responsabilidade do condutor a an\u00e1lise das normas t\u00e9cnicas que regulamentam o uso do produto.<\/p>\n<p>A AgroData n\u00e3o \u00e9 respons\u00e1vel por qualquer reclama\u00e7\u00e3o de garantia devido ao mau uso, acidentes, danos, instala\u00e7\u00e3o \/ configura\u00e7\u00e3o incorreta, ou outro comportamento negligente.<\/p>\n<h3>Prazo<\/h3>\n<p>Estes termos e condi\u00e7\u00f5es s\u00e3o aplic\u00e1veis a partir da compra do produto e podem ser denunciado pela AgroData sem aviso pr\u00e9vio, a qualquer momento, por qualquer motivo, em todo ou uma parte dele.<\/p>\n<h3>Indeniza\u00e7\u00e3o<\/h3>\n<p>O comprador concorda em indenizar e isentar a AgroData contra perdas, despesas, danos e custos, incluindo honor\u00e1rios advocat\u00edcios, resultantes de qualquer viola\u00e7\u00e3o destes termos e que prejudiquem a AgroData.<\/p>\n\t<\/div>\r\n<\/div>\r\n\r\n\r\n\r\n\n\t\t\t<\/div> \n\t\t<\/div>\n\t<\/div> \n\n\t<div  class=\"vc_col-sm-2 wpb_column column_container vc_column_container col no-extra-padding\"  data-padding-pos=\"all\" data-has-bg-color=\"false\" data-bg-color=\"\" data-bg-opacity=\"1\" data-animation=\"\" data-delay=\"0\" >\n\t\t<div class=\"vc_column-inner\" >\n\t\t\t<div class=\"wpb_wrapper\">\n\t\t\t\t\n\t\t\t<\/div> \n\t\t<\/div>\n\t<\/div> \n<\/div><\/div>","protected":false},"excerpt":{"rendered":"Pol\u00edtica de Termos e Condi\u00e7\u00f5es Pol\u00edtica de Termo e Condi\u00e7\u00f5es da AgroData foi atualizada em 10 de novembro de 2018. Sua satisfa\u00e7\u00e3o \u00e9 importante para...","protected":false},"author":1,"featured_media":0,"parent":0,"menu_order":0,"comment_status":"closed","ping_status":"closed","template":"","meta":{"footnotes":""},"class_list":["post-6273","page","type-page","status-publish"],"yoast_head":"<!-- This site is optimized with the Yoast SEO plugin v27.4 - https:\/\/yoast.com\/product\/yoast-seo-wordpress\/ -->\n<title>Pol\u00edtica de Termos e Condi\u00e7\u00f5es - AgroData<\/title>\n<meta name=\"robots\" content=\"index, follow, max-snippet:-1, max-image-preview:large, max-video-preview:-1\" \/>\n<link rel=\"canonical\" href=\"https:\/\/agrodata.me\/en\/termos-e-condicoes\/\" \/>\n<meta property=\"og:locale\" content=\"en_US\" \/>\n<meta property=\"og:type\" content=\"article\" \/>\n<meta property=\"og:title\" content=\"Pol\u00edtica de Termos e Condi\u00e7\u00f5es - AgroData\" \/>\n<meta property=\"og:url\" content=\"https:\/\/agrodata.me\/en\/termos-e-condicoes\/\" \/>\n<meta property=\"og:site_name\" content=\"AgroData\" \/>\n<meta property=\"article:modified_time\" content=\"2018-11-10T23:57:10+00:00\" \/>\n<meta name=\"twitter:card\" content=\"summary_large_image\" \/>\n<meta name=\"twitter:label1\" content=\"Est. reading time\" \/>\n\t<meta name=\"twitter:data1\" content=\"7 minutes\" \/>\n<script type=\"application\/ld+json\" class=\"yoast-schema-graph\">{\"@context\":\"https:\\\/\\\/schema.org\",\"@graph\":[{\"@type\":\"WebPage\",\"@id\":\"https:\\\/\\\/agrodata.me\\\/termos-e-condicoes\\\/\",\"url\":\"https:\\\/\\\/agrodata.me\\\/termos-e-condicoes\\\/\",\"name\":\"Pol\u00edtica de Termos e Condi\u00e7\u00f5es - AgroData\",\"isPartOf\":{\"@id\":\"https:\\\/\\\/agrodata.me\\\/#website\"},\"datePublished\":\"2018-11-10T23:22:33+00:00\",\"dateModified\":\"2018-11-10T23:57:10+00:00\",\"breadcrumb\":{\"@id\":\"https:\\\/\\\/agrodata.me\\\/termos-e-condicoes\\\/#breadcrumb\"},\"inLanguage\":\"en-US\",\"potentialAction\":[{\"@type\":\"ReadAction\",\"target\":[\"https:\\\/\\\/agrodata.me\\\/termos-e-condicoes\\\/\"]}]},{\"@type\":\"BreadcrumbList\",\"@id\":\"https:\\\/\\\/agrodata.me\\\/termos-e-condicoes\\\/#breadcrumb\",\"itemListElement\":[{\"@type\":\"ListItem\",\"position\":1,\"name\":\"In\u00edcio\",\"item\":\"https:\\\/\\\/agrodata.me\\\/\"},{\"@type\":\"ListItem\",\"position\":2,\"name\":\"Pol\u00edtica de Termos e Condi\u00e7\u00f5es\"}]},{\"@type\":\"WebSite\",\"@id\":\"https:\\\/\\\/agrodata.me\\\/#website\",\"url\":\"https:\\\/\\\/agrodata.me\\\/\",\"name\":\"AgroData\",\"description\":\"\",\"potentialAction\":[{\"@type\":\"SearchAction\",\"target\":{\"@type\":\"EntryPoint\",\"urlTemplate\":\"https:\\\/\\\/agrodata.me\\\/?s={search_term_string}\"},\"query-input\":{\"@type\":\"PropertyValueSpecification\",\"valueRequired\":true,\"valueName\":\"search_term_string\"}}],\"inLanguage\":\"en-US\"}]}<\/script>\n<!-- \/ Yoast SEO plugin. -->","yoast_head_json":{"title":"Pol\u00edtica de Termos e Condi\u00e7\u00f5es - AgroData","robots":{"index":"index","follow":"follow","max-snippet":"max-snippet:-1","max-image-preview":"max-image-preview:large","max-video-preview":"max-video-preview:-1"},"canonical":"https:\/\/agrodata.me\/en\/termos-e-condicoes\/","og_locale":"en_US","og_type":"article","og_title":"Pol\u00edtica de Termos e Condi\u00e7\u00f5es - AgroData","og_url":"https:\/\/agrodata.me\/en\/termos-e-condicoes\/","og_site_name":"AgroData","article_modified_time":"2018-11-10T23:57:10+00:00","twitter_card":"summary_large_image","twitter_misc":{"Est. reading time":"7 minutes"},"schema":{"@context":"https:\/\/schema.org","@graph":[{"@type":"WebPage","@id":"https:\/\/agrodata.me\/termos-e-condicoes\/","url":"https:\/\/agrodata.me\/termos-e-condicoes\/","name":"Pol\u00edtica de Termos e Condi\u00e7\u00f5es - AgroData","isPartOf":{"@id":"https:\/\/agrodata.me\/#website"},"datePublished":"2018-11-10T23:22:33+00:00","dateModified":"2018-11-10T23:57:10+00:00","breadcrumb":{"@id":"https:\/\/agrodata.me\/termos-e-condicoes\/#breadcrumb"},"inLanguage":"en-US","potentialAction":[{"@type":"ReadAction","target":["https:\/\/agrodata.me\/termos-e-condicoes\/"]}]},{"@type":"BreadcrumbList","@id":"https:\/\/agrodata.me\/termos-e-condicoes\/#breadcrumb","itemListElement":[{"@type":"ListItem","position":1,"name":"In\u00edcio","item":"https:\/\/agrodata.me\/"},{"@type":"ListItem","position":2,"name":"Pol\u00edtica de Termos e Condi\u00e7\u00f5es"}]},{"@type":"WebSite","@id":"https:\/\/agrodata.me\/#website","url":"https:\/\/agrodata.me\/","name":"AgroData","description":"","potentialAction":[{"@type":"SearchAction","target":{"@type":"EntryPoint","urlTemplate":"https:\/\/agrodata.me\/?s={search_term_string}"},"query-input":{"@type":"PropertyValueSpecification","valueRequired":true,"valueName":"search_term_string"}}],"inLanguage":"en-US"}]}},"_links":{"self":[{"href":"https:\/\/agrodata.me\/en\/wp-json\/wp\/v2\/pages\/6273","targetHints":{"allow":["GET"]}}],"collection":[{"href":"https:\/\/agrodata.me\/en\/wp-json\/wp\/v2\/pages"}],"about":[{"href":"https:\/\/agrodata.me\/en\/wp-json\/wp\/v2\/types\/page"}],"author":[{"embeddable":true,"href":"https:\/\/agrodata.me\/en\/wp-json\/wp\/v2\/users\/1"}],"replies":[{"embeddable":true,"href":"https:\/\/agrodata.me\/en\/wp-json\/wp\/v2\/comments?post=6273"}],"version-history":[{"count":4,"href":"https:\/\/agrodata.me\/en\/wp-json\/wp\/v2\/pages\/6273\/revisions"}],"predecessor-version":[{"id":6279,"href":"https:\/\/agrodata.me\/en\/wp-json\/wp\/v2\/pages\/6273\/revisions\/6279"}],"wp:attachment":[{"href":"https:\/\/agrodata.me\/en\/wp-json\/wp\/v2\/media?parent=6273"}],"curies":[{"name":"wp","href":"https:\/\/api.w.org\/{rel}","templated":true}]}}